{"id":4009,"date":"2018-11-06T22:13:18","date_gmt":"2018-11-06T21:13:18","guid":{"rendered":"https:\/\/steanne-erbray.fr\/?page_id=4009"},"modified":"2024-05-02T16:13:13","modified_gmt":"2024-05-02T14:13:13","slug":"dates-des-manifestations","status":"publish","type":"page","link":"https:\/\/steanne-erbray.fr\/?page_id=4009","title":{"rendered":"Dates des manifestations"},"content":{"rendered":"<p>Arbre de No\u00ebl : Samedi 16 d\u00e9cembre 2023<\/p>\n<p>Kermesse: Samedi 22 juin 2024<\/p>\n<p>Pot de fin d&#8217;ann\u00e9e: Vendredi 5 juillet 2024<\/p>\n<p>&nbsp;<\/p>\n","protected":false},"excerpt":{"rendered":"<p>Arbre de No\u00ebl : Samedi 16 d\u00e9cembre 2023 Kermesse: Samedi 22 juin 2024 Pot de fin d&#8217;ann\u00e9e: Vendredi 5 juillet 2024 &nbsp;<\/p>\n","protected":false},"author":4,"featured_media":0,"parent":0,"menu_order":0,"comment_status":"closed","ping_status":"closed","template":"","meta":{"ngg_post_thumbnail":0,"footnotes":""},"_links":{"self":[{"href":"https:\/\/steanne-erbray.fr\/index.php?rest_route=\/wp\/v2\/pages\/4009"}],"collection":[{"href":"https:\/\/steanne-erbray.fr\/index.php?rest_route=\/wp\/v2\/pages"}],"about":[{"href":"https:\/\/steanne-erbray.fr\/index.php?rest_route=\/wp\/v2\/types\/page"}],"author":[{"embeddable":true,"href":"https:\/\/steanne-erbray.fr\/index.php?rest_route=\/wp\/v2\/users\/4"}],"replies":[{"embeddable":true,"href":"https:\/\/steanne-erbray.fr\/index.php?rest_route=%2Fwp%2Fv2%2Fcomments&post=4009"}],"version-history":[{"count":6,"href":"https:\/\/steanne-erbray.fr\/index.php?rest_route=\/wp\/v2\/pages\/4009\/revisions"}],"predecessor-version":[{"id":13277,"href":"https:\/\/steanne-erbray.fr\/index.php?rest_route=\/wp\/v2\/pages\/4009\/revisions\/13277"}],"wp:attachment":[{"href":"https:\/\/steanne-erbray.fr\/index.php?rest_route=%2Fwp%2Fv2%2Fmedia&parent=4009"}],"curies":[{"name":"wp","href":"https:\/\/api.w.org\/{rel}","templated":true}]}}