{"id":457,"date":"2016-02-21T14:59:59","date_gmt":"2016-02-21T13:59:59","guid":{"rendered":"https:\/\/steanne-erbray.fr\/?page_id=457"},"modified":"2016-02-21T15:05:23","modified_gmt":"2016-02-21T14:05:23","slug":"plan-particulier-de-mise-en-surete","status":"publish","type":"page","link":"https:\/\/steanne-erbray.fr\/?page_id=457","title":{"rendered":"Plan Particulier de Mise en S\u00fbret\u00e9"},"content":{"rendered":"<p>Les \u00e9coles et les \u00e9tablissements scolaires peuvent \u00eatre confront\u00e9s \u00e0 des accidents majeurs, qu&#8217;ils soient d&#8217;origine naturelle, technologique ou \u00e0 des situations d&#8217;urgence particuli\u00e8res. Le d\u00e9clenchement du Plan Particulier de Mise en S\u00fbret\u00e9 (PPMS) face aux risques majeurs doit permettre la mise en \u0153uvre des mesures de sauvegarde des \u00e9l\u00e8ves et des personnels en attendant le retour \u00e0 une situation normale.<\/p>\n<p>Comme l\u2019indique le courrier d&#8217;information ( \u00e0 t\u00e9l\u00e9charger <a href=\"https:\/\/steanne-erbray.fr\/wp-content\/uploads\/2016\/02\/PPMS_Lettre-Info-aux-familles.pdf\">ici<\/a>), ce PPMS pourrait \u00eatre activ\u00e9, pour l&#8217;\u00e9cole Sainte-Anne, en cas de temp\u00eate, de feu de for\u00eat, etc&#8230;<\/p>\n<p>Voici quelques consignes \u00e0 appliquer en cas d\u2019activation du PPMS :<\/p>\n<p>&#8211; L\u2019acc\u00e8s \u00e0 l\u2019\u00e9cole n\u2019est pas possible : merci de ne pas venir chercher vos enfants.<br \/>\n&#8211; Il est demand\u00e9 de ne pas t\u00e9l\u00e9phoner \u00e0 l\u2019\u00e9cole (pour ne pas surcharger les lignes).<br \/>\n&#8211; Des informations sont communiqu\u00e9es sur les ondes de France Bleue Loire Oc\u00e9an : fr\u00e9quence 98.6 MHz.<\/p>\n<iframe src=\"\/\/docs.google.com\/viewer?url=https%3A%2F%2Fsteanne-erbray.fr%2Fwp-content%2Fuploads%2F2016%2F02%2FPPMS_Info-aux-familles.pdf&hl=fr&embedded=true\" class=\"gde-frame\" style=\"width:100%; height:500px; border: none;\" scrolling=\"no\"><\/iframe>\n<p class=\"gde-text\"><a href=\"https:\/\/steanne-erbray.fr\/wp-content\/uploads\/2016\/02\/PPMS_Info-aux-familles.pdf\" class=\"gde-link\">T\u00e9l\u00e9charger (PDF, 287KB)<\/a><\/p>\n","protected":false},"excerpt":{"rendered":"<p>Les \u00e9coles et les \u00e9tablissements scolaires peuvent \u00eatre confront\u00e9s \u00e0 des accidents majeurs, qu&#8217;ils soient d&#8217;origine naturelle, technologique ou \u00e0 des situations d&#8217;urgence particuli\u00e8res. Le d\u00e9clenchement du Plan Particulier de Mise en S\u00fbret\u00e9 (PPMS) face aux risques majeurs doit permettre la mise en \u0153uvre des mesures de sauvegarde des \u00e9l\u00e8ves et des personnels en attendant&hellip; <br \/> <a class=\"read-more\" href=\"https:\/\/steanne-erbray.fr\/?page_id=457\">Lire la suite<\/a><\/p>\n","protected":false},"author":2,"featured_media":0,"parent":0,"menu_order":0,"comment_status":"closed","ping_status":"closed","template":"","meta":{"ngg_post_thumbnail":0,"footnotes":""},"_links":{"self":[{"href":"https:\/\/steanne-erbray.fr\/index.php?rest_route=\/wp\/v2\/pages\/457"}],"collection":[{"href":"https:\/\/steanne-erbray.fr\/index.php?rest_route=\/wp\/v2\/pages"}],"about":[{"href":"https:\/\/steanne-erbray.fr\/index.php?rest_route=\/wp\/v2\/types\/page"}],"author":[{"embeddable":true,"href":"https:\/\/steanne-erbray.fr\/index.php?rest_route=\/wp\/v2\/users\/2"}],"replies":[{"embeddable":true,"href":"https:\/\/steanne-erbray.fr\/index.php?rest_route=%2Fwp%2Fv2%2Fcomments&post=457"}],"version-history":[{"count":5,"href":"https:\/\/steanne-erbray.fr\/index.php?rest_route=\/wp\/v2\/pages\/457\/revisions"}],"predecessor-version":[{"id":465,"href":"https:\/\/steanne-erbray.fr\/index.php?rest_route=\/wp\/v2\/pages\/457\/revisions\/465"}],"wp:attachment":[{"href":"https:\/\/steanne-erbray.fr\/index.php?rest_route=%2Fwp%2Fv2%2Fmedia&parent=457"}],"curies":[{"name":"wp","href":"https:\/\/api.w.org\/{rel}","templated":true}]}}