{"id":62,"date":"2015-07-09T17:22:04","date_gmt":"2015-07-09T16:22:04","guid":{"rendered":"https:\/\/steanne-erbray.fr\/?page_id=62"},"modified":"2018-10-17T18:29:52","modified_gmt":"2018-10-17T16:29:52","slug":"quest-ce-que-la-pastorale","status":"publish","type":"page","link":"https:\/\/steanne-erbray.fr\/?page_id=62","title":{"rendered":"Qu&#8217;est ce que la pastorale ?"},"content":{"rendered":"<p>Dans l\u2019Enseignement Catholique, les enfants b\u00e9n\u00e9ficient d\u2019une heure suppl\u00e9mentaire li\u00e9e au caract\u00e8re propre.<\/p>\n<p>Le chef d\u2019\u00e9tablissement est responsable de la mise en place de la pastorale dans l\u2019\u00e9cole en lien avec&nbsp;les animatrices pastorales et le P\u00e8re Patrice Eon.<\/p>\n<p>-Pour les GS, CP cette heure est consacr\u00e9e \u00e0 la culture chr\u00e9tienne ou \u00e0 l\u2019\u00e9veil \u00e0 la foi.<\/p>\n<p>-Pour les plus grands, nous avons d\u00e9cid\u00e9 de ne maintenir que la <strong>culture chr\u00e9tienne<\/strong> (la cat\u00e9ch\u00e8se est maintenant propos\u00e9e en paroisse).<\/p>\n<p>-Nous avons \u00e9galement choisi d&#8217;organiser des temps forts en lien avec notre religion chr\u00e9tienne \u00e0 diff\u00e9rents moments de l&#8217;ann\u00e9e et en fonction du calendrier liturgique.<\/p>\n<p>&nbsp;<\/p>\n<p align=\"center\"><strong>La culture chr\u00e9tienne<\/strong><\/p>\n<ul>\n<li>Elle veut permettre aux enfants de <strong>s\u2019inscrire dans une histoire particuli\u00e8re <\/strong>marqu\u00e9e par le <strong>Christianisme.<br \/>\n<\/strong>Elle donne des cl\u00e9s de lecture pour d\u00e9couvrir une soci\u00e9t\u00e9 largement inspir\u00e9e des <strong>valeurs issues de la foi chr\u00e9tienne.<\/strong><br \/>\nElle donne du sens aux croyances, aux coutumes, aux symboles, aux comportements d\u2019une soci\u00e9t\u00e9.<\/li>\n<li><strong>Elle n\u2019impose pas <\/strong>une r\u00e9ponse de foi, mais peut <strong>la favoriser<\/strong>.&nbsp;<\/li>\n<li>Elle ne propose pas de temps de pri\u00e8re.<\/li>\n<\/ul>\n<p>&nbsp;<\/p>\n","protected":false},"excerpt":{"rendered":"<p>Dans l\u2019Enseignement Catholique, les enfants b\u00e9n\u00e9ficient d\u2019une heure suppl\u00e9mentaire li\u00e9e au caract\u00e8re propre. Le chef d\u2019\u00e9tablissement est responsable de la mise en place de la pastorale dans l\u2019\u00e9cole en lien avec&nbsp;les animatrices pastorales et le P\u00e8re Patrice Eon. -Pour les GS, CP cette heure est consacr\u00e9e \u00e0 la culture chr\u00e9tienne ou \u00e0 l\u2019\u00e9veil \u00e0 la&hellip; <br \/> <a class=\"read-more\" href=\"https:\/\/steanne-erbray.fr\/?page_id=62\">Lire la suite<\/a><\/p>\n","protected":false},"author":2,"featured_media":0,"parent":0,"menu_order":0,"comment_status":"closed","ping_status":"closed","template":"","meta":{"ngg_post_thumbnail":0,"footnotes":""},"_links":{"self":[{"href":"https:\/\/steanne-erbray.fr\/index.php?rest_route=\/wp\/v2\/pages\/62"}],"collection":[{"href":"https:\/\/steanne-erbray.fr\/index.php?rest_route=\/wp\/v2\/pages"}],"about":[{"href":"https:\/\/steanne-erbray.fr\/index.php?rest_route=\/wp\/v2\/types\/page"}],"author":[{"embeddable":true,"href":"https:\/\/steanne-erbray.fr\/index.php?rest_route=\/wp\/v2\/users\/2"}],"replies":[{"embeddable":true,"href":"https:\/\/steanne-erbray.fr\/index.php?rest_route=%2Fwp%2Fv2%2Fcomments&post=62"}],"version-history":[{"count":5,"href":"https:\/\/steanne-erbray.fr\/index.php?rest_route=\/wp\/v2\/pages\/62\/revisions"}],"predecessor-version":[{"id":3909,"href":"https:\/\/steanne-erbray.fr\/index.php?rest_route=\/wp\/v2\/pages\/62\/revisions\/3909"}],"wp:attachment":[{"href":"https:\/\/steanne-erbray.fr\/index.php?rest_route=%2Fwp%2Fv2%2Fmedia&parent=62"}],"curies":[{"name":"wp","href":"https:\/\/api.w.org\/{rel}","templated":true}]}}