{"id":73,"date":"2015-07-26T10:25:47","date_gmt":"2015-07-26T09:25:47","guid":{"rendered":"https:\/\/steanne-erbray.fr\/?page_id=73"},"modified":"2016-01-29T10:57:20","modified_gmt":"2016-01-29T09:57:20","slug":"apel-ogec","status":"publish","type":"page","link":"https:\/\/steanne-erbray.fr\/?page_id=73","title":{"rendered":"Apel-Ogec"},"content":{"rendered":"<p><span style=\"text-decoration: underline;\"><strong><span style=\"color: #003366; text-decoration: underline;\">Le r\u00f4le de l\u2019OGEC<img loading=\"lazy\" decoding=\"async\" class=\"alignright\" src=\"http:\/\/ecole-nd-cbm.fr\/wp-content\/uploads\/2015\/08\/OGEC_simple-300x163.jpg\" alt=\"OGEC_simple\" width=\"186\" height=\"101\" \/><br \/>\n<\/span><\/strong><\/span><\/p>\n<p style=\"text-align: justify;\">L\u2019Organisme de Gestion de l\u2019Enseignement Catholique (O.G.E.C.) a pour but d\u2019offrir \u00e0 la communaut\u00e9 \u00e9ducative les conditions mat\u00e9rielles optimales qui permettent la r\u00e9alisation p\u00e9renne du projet \u00e9ducatif de l\u2019\u00e9tablissement. Les OGEC sont des associations de type loi 1901 \u00e0 but non lucratif.<br \/>\nL\u2019O.G.E.C. constitue le support juridique de l\u2019action d\u2019enseignement et se trouve de c<br \/>\ne fait associ\u00e9 au service public de l\u2019\u00e9ducation par l\u2019interm\u00e9diaire d\u2019un contrat simple ou d\u2019association avec l&#8217;\u00c9tat.<\/p>\n<p style=\"text-align: justify;\">Le r\u00f4le de l\u2019O.G.E.C. s&#8217;exerce dans trois domaines principaux :<\/p>\n<ul>\n<li style=\"text-align: justify;\"><span style=\"color: #003366;\"><strong>La gestion \u00e9conomique et financi\u00e8re :<\/strong><br \/>\n<\/span>L\u2019O.G.E.C. assure la vie mat\u00e9rielle et financi\u00e8re de l\u2019\u00e9tablissement : comptabilit\u00e9, calcul et suivi du budget, d\u00e9termination de la contribution demand\u00e9e aux familles, gestion de la restauration, emploi et suivi des versements \u00e0 la charge de l\u2019\u00e9tat et des collectivit\u00e9s territoriales, paiement des charges de fonctionnement de l\u2019\u00e9tablissement, souscription et r\u00e9vision des assurances\u2026<\/li>\n<li style=\"text-align: justify;\"><strong><span style=\"color: #003366;\">La gestion sociale :<\/span><\/strong><br \/>\nL\u2019O.G.E.C. est l\u2019employeur du personnel non-enseignant (Aides maternelles, secr\u00e9taire-comptable, surveillance de garderie et de cantine, personnel d\u2019entretien).<\/li>\n<li style=\"text-align: justify;\"><strong><span style=\"color: #003366;\">La gestion immobili\u00e8re :<\/span><\/strong><br \/>\nL\u2019O.G.E.C. a la charge de l\u2019entretien des b\u00e2timents scolaires, voire de leur construction si n\u00e9cessaire.L\u2019O.G.E.C. doit veiller \u00e0 leur entretien, \u00e0 leur r\u00e9novation, \u00e0 leur am\u00e9nagement et \u00e0 leur agrandissement. Il doit \u00e9galement se pr\u00e9occuper des questions d\u2019hygi\u00e8ne et de s\u00e9curit\u00e9.<\/li>\n<\/ul>\n<p>&nbsp;<\/p>\n<p><strong><span style=\"color: #003366; text-decoration: underline;\">Le r\u00f4le de l\u2019APEL<img decoding=\"async\" class=\"alignright\" src=\"http:\/\/ecolestmichel-laremaudiere.fr\/wp-content\/uploads\/2015\/11\/Logo_apel_web.gif\" alt=\"Logo_apel_web\" \/><\/span><\/strong><\/p>\n<p style=\"text-align: justify;\">L\u2019Association des Parents de l\u2019Enseignement Libre\u00a0(APEL) a un r\u00f4le\u00a0actif \u00e0 jouer pour \u00e9tablir et d\u00e9velopper une bonne relation\u00a0avec le Chef d\u2019\u00e9tablissement et avec l\u2019ensemble des parents.<br \/>\nL\u2019APEL apporte aussi son aide dans certains domaines pour dynamiser la vie de l\u2019\u00e9cole en participant aux activit\u00e9s propos\u00e9es par l\u2019\u00e9tablissement.<\/p>\n<p style=\"text-align: justify;\">Le r\u00f4le de l\u2019APEL s\u2019exerce dans les domaines suivants :<\/p>\n<ul>\n<li>Mission de\u00a0porte-parole des parents aupr\u00e8s du chef d\u2019\u00e9tablissement et des diff\u00e9rents services Unapel, Urapel et Udapel.<\/li>\n<li style=\"text-align: justify;\">Organisation de manifestations afin de permettre aux parents, famille et amis de se retrouver et de cr\u00e9er des liens (march\u00e9 de No\u00ebl&#8230;),<\/li>\n<li style=\"text-align: justify;\">Organisation\u00a0et accompagnement de sorties scolaires,<\/li>\n<li style=\"text-align: justify;\">Animation pastorale et cat\u00e9ch\u00e8se.<\/li>\n<\/ul>\n","protected":false},"excerpt":{"rendered":"<p>Le r\u00f4le de l\u2019OGEC L\u2019Organisme de Gestion de l\u2019Enseignement Catholique (O.G.E.C.) a pour but d\u2019offrir \u00e0 la communaut\u00e9 \u00e9ducative les conditions mat\u00e9rielles optimales qui permettent la r\u00e9alisation p\u00e9renne du projet \u00e9ducatif de l\u2019\u00e9tablissement. Les OGEC sont des associations de type loi 1901 \u00e0 but non lucratif. L\u2019O.G.E.C. constitue le support juridique de l\u2019action d\u2019enseignement et&hellip; <br \/> <a class=\"read-more\" href=\"https:\/\/steanne-erbray.fr\/?page_id=73\">Lire la suite<\/a><\/p>\n","protected":false},"author":2,"featured_media":0,"parent":0,"menu_order":0,"comment_status":"closed","ping_status":"closed","template":"","meta":{"ngg_post_thumbnail":0,"footnotes":""},"_links":{"self":[{"href":"https:\/\/steanne-erbray.fr\/index.php?rest_route=\/wp\/v2\/pages\/73"}],"collection":[{"href":"https:\/\/steanne-erbray.fr\/index.php?rest_route=\/wp\/v2\/pages"}],"about":[{"href":"https:\/\/steanne-erbray.fr\/index.php?rest_route=\/wp\/v2\/types\/page"}],"author":[{"embeddable":true,"href":"https:\/\/steanne-erbray.fr\/index.php?rest_route=\/wp\/v2\/users\/2"}],"replies":[{"embeddable":true,"href":"https:\/\/steanne-erbray.fr\/index.php?rest_route=%2Fwp%2Fv2%2Fcomments&post=73"}],"version-history":[{"count":10,"href":"https:\/\/steanne-erbray.fr\/index.php?rest_route=\/wp\/v2\/pages\/73\/revisions"}],"predecessor-version":[{"id":442,"href":"https:\/\/steanne-erbray.fr\/index.php?rest_route=\/wp\/v2\/pages\/73\/revisions\/442"}],"wp:attachment":[{"href":"https:\/\/steanne-erbray.fr\/index.php?rest_route=%2Fwp%2Fv2%2Fmedia&parent=73"}],"curies":[{"name":"wp","href":"https:\/\/api.w.org\/{rel}","templated":true}]}}