{"id":93,"date":"2015-07-26T11:28:23","date_gmt":"2015-07-26T10:28:23","guid":{"rendered":"https:\/\/steanne-erbray.fr\/?page_id=93"},"modified":"2023-01-09T19:32:43","modified_gmt":"2023-01-09T18:32:43","slug":"la-restauration","status":"publish","type":"page","link":"https:\/\/steanne-erbray.fr\/?page_id=93","title":{"rendered":"La restauration"},"content":{"rendered":"<p>Le restaurant scolaire est ouvert aux \u00e9l\u00e8ves de notre \u00e9cole, sous r\u00e9serve de leur inscription pr\u00e9alable en mairie (02 40 55 01 11) ainsi que de l&#8217;acceptation et la signature du r\u00e8glement int\u00e9rieur par les parents.<\/p>\n<p><img loading=\"lazy\" decoding=\"async\" class=\"size-full wp-image-380 alignright\" src=\"https:\/\/steanne-erbray.fr\/wp-content\/uploads\/2015\/07\/dessin-cantine.jpg\" alt=\"dessin-cantine\" width=\"218\" height=\"209\"><\/p>\n<ul>\n<li><span style=\"text-decoration: underline; color: #003366;\"><strong>Tarifs:<br \/>\n<\/strong><\/span><\/li>\n<\/ul>\n<p>&#8211; Enfants : 4,35 \u20ac le repas<br \/>\n&#8211; Enfants allergiques apportant leur panier-repas : 1,20 \u20ac<\/p>\n<p><a href=\"http:\/\/www.erbray.mairie44.fr\/restaurant-scolaire\">http:\/\/www.erbray.mairie44.fr\/restaurant-scolaire<\/a><\/p>\n","protected":false},"excerpt":{"rendered":"<p>Le restaurant scolaire est ouvert aux \u00e9l\u00e8ves de notre \u00e9cole, sous r\u00e9serve de leur inscription pr\u00e9alable en mairie (02 40 55 01 11) ainsi que de l&#8217;acceptation et la signature du r\u00e8glement int\u00e9rieur par les parents. Tarifs: &#8211; Enfants : 4,35 \u20ac le repas &#8211; Enfants allergiques apportant leur panier-repas : 1,20 \u20ac http:\/\/www.erbray.mairie44.fr\/restaurant-scolaire<\/p>\n","protected":false},"author":2,"featured_media":0,"parent":0,"menu_order":0,"comment_status":"closed","ping_status":"closed","template":"","meta":{"ngg_post_thumbnail":0,"footnotes":""},"_links":{"self":[{"href":"https:\/\/steanne-erbray.fr\/index.php?rest_route=\/wp\/v2\/pages\/93"}],"collection":[{"href":"https:\/\/steanne-erbray.fr\/index.php?rest_route=\/wp\/v2\/pages"}],"about":[{"href":"https:\/\/steanne-erbray.fr\/index.php?rest_route=\/wp\/v2\/types\/page"}],"author":[{"embeddable":true,"href":"https:\/\/steanne-erbray.fr\/index.php?rest_route=\/wp\/v2\/users\/2"}],"replies":[{"embeddable":true,"href":"https:\/\/steanne-erbray.fr\/index.php?rest_route=%2Fwp%2Fv2%2Fcomments&post=93"}],"version-history":[{"count":10,"href":"https:\/\/steanne-erbray.fr\/index.php?rest_route=\/wp\/v2\/pages\/93\/revisions"}],"predecessor-version":[{"id":10600,"href":"https:\/\/steanne-erbray.fr\/index.php?rest_route=\/wp\/v2\/pages\/93\/revisions\/10600"}],"wp:attachment":[{"href":"https:\/\/steanne-erbray.fr\/index.php?rest_route=%2Fwp%2Fv2%2Fmedia&parent=93"}],"curies":[{"name":"wp","href":"https:\/\/api.w.org\/{rel}","templated":true}]}}